{"id":408,"date":"2025-01-07T20:22:49","date_gmt":"2025-01-08T01:22:49","guid":{"rendered":"https:\/?post_type=product&#038;p=408"},"modified":"2025-04-04T23:08:46","modified_gmt":"2025-04-05T04:08:46","slug":"b-005","status":"publish","type":"product","link":"https:\/\/botescartagena.com\/en\/embarcacion\/b-005\/","title":{"rendered":"B-005"},"content":{"rendered":"","protected":false},"excerpt":{"rendered":"<p><a href=\"https:\/\/api.whatsapp.com\/send?phone=573105367376&amp;text=Hola%2C%20estoy%20interesado%20en%20obtener%20m%C3%A1s%20informaci%C3%B3n%20sobre%20la%20siguiente%20embarcaci%C3%B3n%3A%0A%0AC%C3%B3digo%3A%20B-005%0ATipo%20de%20Embarcaci%C3%B3n%3A%20Bote%0ATama%C3%B1o%3A%2029%20pies%0ACapacidad%3A%2010%20personas%0A%0AConsult%C3%A9%20los%20detalles%20en%20este%20enlace%3A%0A%0Ahttps%3A%2Fembarcacion%2Fb-005.%0A%C2%BFPodr%C3%ADan%20confirmarme%20la%20disponibilidad%2C%20rutas%20y%20precios%3F%20%C2%A1Gracias!\" target=\"_blank\" rel=\"noopener\"><img decoding=\"async\" class=\"alignnone wp-image-373 size-full\" src=\"https:\/\/botescartagena.com\/wp-content\/uploads\/2025\/01\/img-button-wp-1.png\" alt=\"\" width=\"248\" height=\"43\" \/><\/a><\/p>\n<p>Una excelente embarcaci\u00f3n de <strong>29 pies<\/strong> disponible para recorrer las bellas aguas del Mar Caribe, Islas del Rosario y cercan\u00edas, llev\u00e1ndote a islas privadas o destinos tur\u00edsticos en las costas de Cartagena y sus alrededores.<\/p>","protected":false},"featured_media":410,"template":"","meta":{"_joinchat":{"telephone":"+573156761491","message_send":"Hola *{SITE} *. Necesito m\u00e1s","view":"no"}},"product_brand":[],"product_cat":[37],"product_tag":[],"class_list":{"0":"post-408","1":"product","2":"type-product","3":"status-publish","4":"has-post-thumbnail","6":"product_cat-bote","8":"first","9":"instock","10":"virtual","11":"sold-individually","12":"product-type-simple"},"_links":{"self":[{"href":"https:\/\/botescartagena.com\/en\/wp-json\/wp\/v2\/product\/408","targetHints":{"allow":["GET"]}}],"collection":[{"href":"https:\/\/botescartagena.com\/en\/wp-json\/wp\/v2\/product"}],"about":[{"href":"https:\/\/botescartagena.com\/en\/wp-json\/wp\/v2\/types\/product"}],"wp:featuredmedia":[{"embeddable":true,"href":"https:\/\/botescartagena.com\/en\/wp-json\/wp\/v2\/media\/410"}],"wp:attachment":[{"href":"https:\/\/botescartagena.com\/en\/wp-json\/wp\/v2\/media?parent=408"}],"wp:term":[{"taxonomy":"product_brand","embeddable":true,"href":"https:\/\/botescartagena.com\/en\/wp-json\/wp\/v2\/product_brand?post=408"},{"taxonomy":"product_cat","embeddable":true,"href":"https:\/\/botescartagena.com\/en\/wp-json\/wp\/v2\/product_cat?post=408"},{"taxonomy":"product_tag","embeddable":true,"href":"https:\/\/botescartagena.com\/en\/wp-json\/wp\/v2\/product_tag?post=408"}],"curies":[{"name":"wp","href":"https:\/\/api.w.org\/{rel}","templated":true}]}}