{"id":384,"date":"2025-01-07T19:59:48","date_gmt":"2025-01-08T00:59:48","guid":{"rendered":"https:\/?post_type=product&#038;p=384"},"modified":"2025-04-14T19:55:40","modified_gmt":"2025-04-15T00:55:40","slug":"b-001","status":"publish","type":"product","link":"https:\/\/botescartagena.com\/en\/embarcacion\/b-001\/","title":{"rendered":"B-001"},"content":{"rendered":"","protected":false},"excerpt":{"rendered":"<p>Una excelente embarcaci\u00f3n de <strong>42\u00a0pies<\/strong> disponible para recorrer las bellas aguas del Mar Caribe, Islas del Rosario y cercan\u00edas, llev\u00e1ndote a islas privadas o destinos tur\u00edsticos en las costas de Cartagena y sus alrededores.<\/p>","protected":false},"featured_media":819,"template":"","meta":{"_joinchat":{"telephone":"+573156761491","message_send":"Hola *{SITE} *. Necesito m\u00e1s","view":"no"}},"product_brand":[],"product_cat":[37],"product_tag":[],"class_list":{"0":"post-384","1":"product","2":"type-product","3":"status-publish","4":"has-post-thumbnail","6":"product_cat-bote","8":"first","9":"instock","10":"featured","11":"virtual","12":"sold-individually","13":"product-type-simple"},"_links":{"self":[{"href":"https:\/\/botescartagena.com\/en\/wp-json\/wp\/v2\/product\/384","targetHints":{"allow":["GET"]}}],"collection":[{"href":"https:\/\/botescartagena.com\/en\/wp-json\/wp\/v2\/product"}],"about":[{"href":"https:\/\/botescartagena.com\/en\/wp-json\/wp\/v2\/types\/product"}],"wp:featuredmedia":[{"embeddable":true,"href":"https:\/\/botescartagena.com\/en\/wp-json\/wp\/v2\/media\/819"}],"wp:attachment":[{"href":"https:\/\/botescartagena.com\/en\/wp-json\/wp\/v2\/media?parent=384"}],"wp:term":[{"taxonomy":"product_brand","embeddable":true,"href":"https:\/\/botescartagena.com\/en\/wp-json\/wp\/v2\/product_brand?post=384"},{"taxonomy":"product_cat","embeddable":true,"href":"https:\/\/botescartagena.com\/en\/wp-json\/wp\/v2\/product_cat?post=384"},{"taxonomy":"product_tag","embeddable":true,"href":"https:\/\/botescartagena.com\/en\/wp-json\/wp\/v2\/product_tag?post=384"}],"curies":[{"name":"wp","href":"https:\/\/api.w.org\/{rel}","templated":true}]}}