{"id":374,"date":"2025-01-02T16:07:36","date_gmt":"2025-01-02T21:07:36","guid":{"rendered":"https:\/?post_type=product&#038;p=374"},"modified":"2025-04-05T12:35:27","modified_gmt":"2025-04-05T17:35:27","slug":"b-003","status":"publish","type":"product","link":"https:\/\/botescartagena.com\/en\/embarcacion\/b-003\/","title":{"rendered":"B-003"},"content":{"rendered":"","protected":false},"excerpt":{"rendered":"<p>Una excelente embarcaci\u00f3n de <strong>29 pies<\/strong> disponible para recorrer las bellas aguas del Mar Caribe, Islas del Rosario y cercan\u00edas, llev\u00e1ndote a islas privadas o destinos tur\u00edsticos en las costas de Cartagena y sus alrededores.<\/p>","protected":false},"featured_media":377,"template":"","meta":{"_joinchat":{"telephone":"+573156761491","message_send":"Hola *{SITE} *. Necesito m\u00e1s","view":"no"}},"product_brand":[],"product_cat":[37],"product_tag":[],"class_list":{"0":"post-374","1":"product","2":"type-product","3":"status-publish","4":"has-post-thumbnail","6":"product_cat-bote","8":"first","9":"instock","10":"virtual","11":"sold-individually","12":"product-type-simple"},"_links":{"self":[{"href":"https:\/\/botescartagena.com\/en\/wp-json\/wp\/v2\/product\/374","targetHints":{"allow":["GET"]}}],"collection":[{"href":"https:\/\/botescartagena.com\/en\/wp-json\/wp\/v2\/product"}],"about":[{"href":"https:\/\/botescartagena.com\/en\/wp-json\/wp\/v2\/types\/product"}],"wp:featuredmedia":[{"embeddable":true,"href":"https:\/\/botescartagena.com\/en\/wp-json\/wp\/v2\/media\/377"}],"wp:attachment":[{"href":"https:\/\/botescartagena.com\/en\/wp-json\/wp\/v2\/media?parent=374"}],"wp:term":[{"taxonomy":"product_brand","embeddable":true,"href":"https:\/\/botescartagena.com\/en\/wp-json\/wp\/v2\/product_brand?post=374"},{"taxonomy":"product_cat","embeddable":true,"href":"https:\/\/botescartagena.com\/en\/wp-json\/wp\/v2\/product_cat?post=374"},{"taxonomy":"product_tag","embeddable":true,"href":"https:\/\/botescartagena.com\/en\/wp-json\/wp\/v2\/product_tag?post=374"}],"curies":[{"name":"wp","href":"https:\/\/api.w.org\/{rel}","templated":true}]}}